{"id":2216,"date":"2023-05-25T15:52:02","date_gmt":"2023-05-25T15:52:02","guid":{"rendered":"https:\/\/flgreeninnovations.com\/?page_id=2216"},"modified":"2025-07-22T22:43:38","modified_gmt":"2025-07-22T22:43:38","slug":"products","status":"publish","type":"page","link":"https:\/\/americanimpactandenergy.com\/es\/products\/","title":{"rendered":"Productos"},"content":{"rendered":"<div data-elementor-type=\"wp-page\" data-elementor-id=\"2216\" class=\"elementor elementor-2216\" data-elementor-post-type=\"page\">\n\t\t\t\t<div class=\"elementor-element elementor-element-5deb48b e-flex e-con-boxed e-con e-parent\" data-id=\"5deb48b\" data-element_type=\"container\" data-e-type=\"container\" data-settings=\"{&quot;background_background&quot;:&quot;classic&quot;}\">\n\t\t\t\t\t<div class=\"e-con-inner\">\n\t\t\t\t<div class=\"elementor-element elementor-element-70f754c elementor-invisible elementor-widget elementor-widget-heading\" data-id=\"70f754c\" data-element_type=\"widget\" data-e-type=\"widget\" data-settings=\"{&quot;_animation&quot;:&quot;fadeInUp&quot;}\" data-widget_type=\"heading.default\">\n\t\t\t\t\t<h1 class=\"elementor-heading-title elementor-size-default\">Productos<\/h1>\t\t\t\t<\/div>\n\t\t\t\t\t<\/div>\n\t\t\t\t<\/div>\n\t\t<div class=\"elementor-element elementor-element-592055d e-flex e-con-boxed e-con e-parent\" data-id=\"592055d\" data-element_type=\"container\" data-e-type=\"container\" data-settings=\"{&quot;background_background&quot;:&quot;classic&quot;}\">\n\t\t\t\t\t<div class=\"e-con-inner\">\n\t\t\t\t<div class=\"elementor-element elementor-element-3704de5 elementor-invisible elementor-widget elementor-widget-heading\" data-id=\"3704de5\" data-element_type=\"widget\" data-e-type=\"widget\" data-settings=\"{&quot;_animation&quot;:&quot;fadeInUp&quot;}\" data-widget_type=\"heading.default\">\n\t\t\t\t\t<h2 class=\"elementor-heading-title elementor-size-default\">Soluciones innovadoras para una vida sostenible<\/h2>\t\t\t\t<\/div>\n\t\t\t\t<div class=\"elementor-element elementor-element-d175334 elementor-invisible elementor-widget elementor-widget-text-editor\" data-id=\"d175334\" data-element_type=\"widget\" data-e-type=\"widget\" data-settings=\"{&quot;_animation&quot;:&quot;fadeInUp&quot;}\" data-widget_type=\"text-editor.default\">\n\t\t\t\t\t\t\t\t\t<p>American Impact and Energy transforma propiedades con soluciones asequibles y sostenibles mediante la instalaci\u00f3n de <a href=\"https:\/\/americanimpactandenergy.com\/es\/impact-windows-and-doors\/\"><strong>Ventanas y puertas de impacto<\/strong><\/a>, <a href=\"https:\/\/americanimpactandenergy.com\/es\/roofing\/\"><strong>Tejados<\/strong><\/a>, <a href=\"https:\/\/americanimpactandenergy.com\/es\/solar-roofing\/\"><strong>Cubiertas solares<\/strong><\/a>y <a href=\"https:\/\/americanimpactandenergy.com\/es\/hvac-systems\/\"><strong>Sistemas HVAC<\/strong><\/a>. \u00a1Proteja su futuro con un estilo sostenible!<\/p>\t\t\t\t\t\t\t\t<\/div>\n\t\t\t\t\t<\/div>\n\t\t\t\t<\/div>\n\t\t\t\t<section class=\"elementor-section elementor-top-section elementor-element elementor-element-294c462 elementor-section-height-min-height elementor-section-items-stretch elementor-section-boxed elementor-section-height-default\" data-id=\"294c462\" data-element_type=\"section\" data-e-type=\"section\" data-settings=\"{&quot;background_background&quot;:&quot;classic&quot;}\">\n\t\t\t\t\t\t<div class=\"elementor-container elementor-column-gap-default\">\n\t\t\t\t\t<div class=\"elementor-column elementor-col-25 elementor-top-column elementor-element elementor-element-85755ac cs_main\" data-id=\"85755ac\" data-element_type=\"column\" data-e-type=\"column\" data-settings=\"{&quot;background_background&quot;:&quot;classic&quot;}\">\n\t\t\t<div class=\"elementor-widget-wrap elementor-element-populated\">\n\t\t\t\t\t<div class=\"elementor-background-overlay\"><\/div>\n\t\t\t\t\t\t<div class=\"elementor-element elementor-element-50b9d9f cs_image elementor-widget elementor-widget-image\" data-id=\"50b9d9f\" data-element_type=\"widget\" data-e-type=\"widget\" data-widget_type=\"image.default\">\n\t\t\t\t\t\t\t\t\t\t\t\t\t\t\t<img fetchpriority=\"high\" decoding=\"async\" width=\"1024\" height=\"576\" src=\"https:\/\/americanimpactandenergy.com\/wp-content\/uploads\/2025\/07\/52-1024x576.jpg\" class=\"attachment-large size-large wp-image-3773\" alt=\"\" srcset=\"https:\/\/americanimpactandenergy.com\/wp-content\/uploads\/2025\/07\/52-1024x576.jpg 1024w, https:\/\/americanimpactandenergy.com\/wp-content\/uploads\/2025\/07\/52-300x169.jpg 300w, https:\/\/americanimpactandenergy.com\/wp-content\/uploads\/2025\/07\/52-768x432.jpg 768w, https:\/\/americanimpactandenergy.com\/wp-content\/uploads\/2025\/07\/52-1536x864.jpg 1536w, https:\/\/americanimpactandenergy.com\/wp-content\/uploads\/2025\/07\/52-2048x1152.jpg 2048w, https:\/\/americanimpactandenergy.com\/wp-content\/uploads\/2025\/07\/52-18x10.jpg 18w\" sizes=\"(max-width: 1024px) 100vw, 1024px\" \/>\t\t\t\t\t\t\t\t\t\t\t\t\t\t\t<\/div>\n\t\t\t\t<div class=\"elementor-element elementor-element-0361efa elementor-absolute elementor-widget elementor-widget-heading\" data-id=\"0361efa\" data-element_type=\"widget\" data-e-type=\"widget\" data-settings=\"{&quot;_position&quot;:&quot;absolute&quot;}\" data-widget_type=\"heading.default\">\n\t\t\t\t\t<h6 class=\"elementor-heading-title elementor-size-default\">Ventanas y puertas de impacto<\/h6>\t\t\t\t<\/div>\n\t\t\t\t<div class=\"elementor-element elementor-element-c483592 elementor-align-center elementor-absolute elementor-widget elementor-widget-button\" data-id=\"c483592\" data-element_type=\"widget\" data-e-type=\"widget\" data-settings=\"{&quot;_position&quot;:&quot;absolute&quot;,&quot;_animation&quot;:&quot;none&quot;}\" data-widget_type=\"button.default\">\n\t\t\t\t\t\t\t\t\t\t<a class=\"elementor-button elementor-button-link elementor-size-sm elementor-animation-float\" href=\"\/es\/impact-windows-and-doors\/\">\n\t\t\t\t\t\t<span class=\"elementor-button-content-wrapper\">\n\t\t\t\t\t\t\t\t\t<span class=\"elementor-button-text\">M\u00e1s informaci\u00f3n<\/span>\n\t\t\t\t\t<\/span>\n\t\t\t\t\t<\/a>\n\t\t\t\t\t\t\t\t<\/div>\n\t\t\t\t\t<\/div>\n\t\t<\/div>\n\t\t\t\t<div class=\"elementor-column elementor-col-25 elementor-top-column elementor-element elementor-element-ff28ee7 cs_main\" data-id=\"ff28ee7\" data-element_type=\"column\" data-e-type=\"column\" data-settings=\"{&quot;background_background&quot;:&quot;classic&quot;}\">\n\t\t\t<div class=\"elementor-widget-wrap elementor-element-populated\">\n\t\t\t\t\t<div class=\"elementor-background-overlay\"><\/div>\n\t\t\t\t\t\t<div class=\"elementor-element elementor-element-f39b279 cs_image elementor-widget elementor-widget-image\" data-id=\"f39b279\" data-element_type=\"widget\" data-e-type=\"widget\" data-widget_type=\"image.default\">\n\t\t\t\t\t\t\t\t\t\t\t\t\t\t\t<img decoding=\"async\" width=\"1024\" height=\"576\" src=\"https:\/\/americanimpactandenergy.com\/wp-content\/uploads\/2025\/07\/80-1024x576.jpg\" class=\"attachment-large size-large wp-image-4396\" alt=\"\" srcset=\"https:\/\/americanimpactandenergy.com\/wp-content\/uploads\/2025\/07\/80-1024x576.jpg 1024w, https:\/\/americanimpactandenergy.com\/wp-content\/uploads\/2025\/07\/80-300x169.jpg 300w, https:\/\/americanimpactandenergy.com\/wp-content\/uploads\/2025\/07\/80-768x432.jpg 768w, https:\/\/americanimpactandenergy.com\/wp-content\/uploads\/2025\/07\/80-1536x864.jpg 1536w, https:\/\/americanimpactandenergy.com\/wp-content\/uploads\/2025\/07\/80-2048x1152.jpg 2048w, https:\/\/americanimpactandenergy.com\/wp-content\/uploads\/2025\/07\/80-18x10.jpg 18w\" sizes=\"(max-width: 1024px) 100vw, 1024px\" \/>\t\t\t\t\t\t\t\t\t\t\t\t\t\t\t<\/div>\n\t\t\t\t<div class=\"elementor-element elementor-element-22f43c5 elementor-absolute elementor-widget elementor-widget-heading\" data-id=\"22f43c5\" data-element_type=\"widget\" data-e-type=\"widget\" data-settings=\"{&quot;_position&quot;:&quot;absolute&quot;}\" data-widget_type=\"heading.default\">\n\t\t\t\t\t<h6 class=\"elementor-heading-title elementor-size-default\">Tejados<\/h6>\t\t\t\t<\/div>\n\t\t\t\t<div class=\"elementor-element elementor-element-ae8856f elementor-align-center elementor-absolute elementor-widget elementor-widget-button\" data-id=\"ae8856f\" data-element_type=\"widget\" data-e-type=\"widget\" data-settings=\"{&quot;_position&quot;:&quot;absolute&quot;,&quot;_animation&quot;:&quot;none&quot;}\" data-widget_type=\"button.default\">\n\t\t\t\t\t\t\t\t\t\t<a class=\"elementor-button elementor-button-link elementor-size-sm elementor-animation-float\" href=\"\/es\/roofing\/\">\n\t\t\t\t\t\t<span class=\"elementor-button-content-wrapper\">\n\t\t\t\t\t\t\t\t\t<span class=\"elementor-button-text\">M\u00e1s informaci\u00f3n<\/span>\n\t\t\t\t\t<\/span>\n\t\t\t\t\t<\/a>\n\t\t\t\t\t\t\t\t<\/div>\n\t\t\t\t\t<\/div>\n\t\t<\/div>\n\t\t\t\t<div class=\"elementor-column elementor-col-25 elementor-top-column elementor-element elementor-element-4c699d8 cs_main\" data-id=\"4c699d8\" data-element_type=\"column\" data-e-type=\"column\" data-settings=\"{&quot;background_background&quot;:&quot;classic&quot;}\">\n\t\t\t<div class=\"elementor-widget-wrap elementor-element-populated\">\n\t\t\t\t\t<div class=\"elementor-background-overlay\"><\/div>\n\t\t\t\t\t\t<div class=\"elementor-element elementor-element-edc75a1 cs_image elementor-widget elementor-widget-image\" data-id=\"edc75a1\" data-element_type=\"widget\" data-e-type=\"widget\" data-widget_type=\"image.default\">\n\t\t\t\t\t\t\t\t\t\t\t\t\t\t\t<img decoding=\"async\" width=\"1024\" height=\"576\" src=\"https:\/\/americanimpactandenergy.com\/wp-content\/uploads\/2025\/07\/16-1024x576.jpg\" class=\"attachment-large size-large wp-image-3756\" alt=\"\" srcset=\"https:\/\/americanimpactandenergy.com\/wp-content\/uploads\/2025\/07\/16-1024x576.jpg 1024w, https:\/\/americanimpactandenergy.com\/wp-content\/uploads\/2025\/07\/16-300x169.jpg 300w, https:\/\/americanimpactandenergy.com\/wp-content\/uploads\/2025\/07\/16-768x432.jpg 768w, https:\/\/americanimpactandenergy.com\/wp-content\/uploads\/2025\/07\/16-1536x864.jpg 1536w, https:\/\/americanimpactandenergy.com\/wp-content\/uploads\/2025\/07\/16-2048x1152.jpg 2048w, https:\/\/americanimpactandenergy.com\/wp-content\/uploads\/2025\/07\/16-18x10.jpg 18w\" sizes=\"(max-width: 1024px) 100vw, 1024px\" \/>\t\t\t\t\t\t\t\t\t\t\t\t\t\t\t<\/div>\n\t\t\t\t<div class=\"elementor-element elementor-element-68a5319 elementor-absolute elementor-widget elementor-widget-heading\" data-id=\"68a5319\" data-element_type=\"widget\" data-e-type=\"widget\" data-settings=\"{&quot;_position&quot;:&quot;absolute&quot;}\" data-widget_type=\"heading.default\">\n\t\t\t\t\t<h6 class=\"elementor-heading-title elementor-size-default\">Solor Roofing<\/h6>\t\t\t\t<\/div>\n\t\t\t\t<div class=\"elementor-element elementor-element-9208802 elementor-align-center elementor-absolute elementor-widget elementor-widget-button\" data-id=\"9208802\" data-element_type=\"widget\" data-e-type=\"widget\" data-settings=\"{&quot;_position&quot;:&quot;absolute&quot;,&quot;_animation&quot;:&quot;none&quot;}\" data-widget_type=\"button.default\">\n\t\t\t\t\t\t\t\t\t\t<a class=\"elementor-button elementor-button-link elementor-size-sm elementor-animation-float\" href=\"\/es\/solor-roofing\/\">\n\t\t\t\t\t\t<span class=\"elementor-button-content-wrapper\">\n\t\t\t\t\t\t\t\t\t<span class=\"elementor-button-text\">M\u00e1s informaci\u00f3n<\/span>\n\t\t\t\t\t<\/span>\n\t\t\t\t\t<\/a>\n\t\t\t\t\t\t\t\t<\/div>\n\t\t\t\t\t<\/div>\n\t\t<\/div>\n\t\t\t\t<div class=\"elementor-column elementor-col-25 elementor-top-column elementor-element elementor-element-bf24608 cs_main\" data-id=\"bf24608\" data-element_type=\"column\" data-e-type=\"column\" data-settings=\"{&quot;background_background&quot;:&quot;classic&quot;}\">\n\t\t\t<div class=\"elementor-widget-wrap elementor-element-populated\">\n\t\t\t\t\t<div class=\"elementor-background-overlay\"><\/div>\n\t\t\t\t\t\t<div class=\"elementor-element elementor-element-0327f85 cs_image elementor-widget elementor-widget-image\" data-id=\"0327f85\" data-element_type=\"widget\" data-e-type=\"widget\" data-widget_type=\"image.default\">\n\t\t\t\t\t\t\t\t\t\t\t\t\t\t\t<img loading=\"lazy\" decoding=\"async\" width=\"1024\" height=\"576\" src=\"https:\/\/americanimpactandenergy.com\/wp-content\/uploads\/2025\/07\/50-1024x576.jpg\" class=\"attachment-large size-large wp-image-3772\" alt=\"\" srcset=\"https:\/\/americanimpactandenergy.com\/wp-content\/uploads\/2025\/07\/50-1024x576.jpg 1024w, https:\/\/americanimpactandenergy.com\/wp-content\/uploads\/2025\/07\/50-300x169.jpg 300w, https:\/\/americanimpactandenergy.com\/wp-content\/uploads\/2025\/07\/50-768x432.jpg 768w, https:\/\/americanimpactandenergy.com\/wp-content\/uploads\/2025\/07\/50-1536x864.jpg 1536w, https:\/\/americanimpactandenergy.com\/wp-content\/uploads\/2025\/07\/50-2048x1152.jpg 2048w, https:\/\/americanimpactandenergy.com\/wp-content\/uploads\/2025\/07\/50-18x10.jpg 18w\" sizes=\"(max-width: 1024px) 100vw, 1024px\" \/>\t\t\t\t\t\t\t\t\t\t\t\t\t\t\t<\/div>\n\t\t\t\t<div class=\"elementor-element elementor-element-95c4ee5 elementor-absolute elementor-widget elementor-widget-heading\" data-id=\"95c4ee5\" data-element_type=\"widget\" data-e-type=\"widget\" data-settings=\"{&quot;_position&quot;:&quot;absolute&quot;}\" data-widget_type=\"heading.default\">\n\t\t\t\t\t<h6 class=\"elementor-heading-title elementor-size-default\">Sistema HVAC<\/h6>\t\t\t\t<\/div>\n\t\t\t\t<div class=\"elementor-element elementor-element-d462f08 elementor-align-center elementor-absolute elementor-widget elementor-widget-button\" data-id=\"d462f08\" data-element_type=\"widget\" data-e-type=\"widget\" data-settings=\"{&quot;_position&quot;:&quot;absolute&quot;,&quot;_animation&quot;:&quot;none&quot;}\" data-widget_type=\"button.default\">\n\t\t\t\t\t\t\t\t\t\t<a class=\"elementor-button elementor-button-link elementor-size-sm elementor-animation-float\" href=\"\/es\/hvac-systems\/\">\n\t\t\t\t\t\t<span class=\"elementor-button-content-wrapper\">\n\t\t\t\t\t\t\t\t\t<span class=\"elementor-button-text\">M\u00e1s informaci\u00f3n<\/span>\n\t\t\t\t\t<\/span>\n\t\t\t\t\t<\/a>\n\t\t\t\t\t\t\t\t<\/div>\n\t\t\t\t\t<\/div>\n\t\t<\/div>\n\t\t\t\t\t<\/div>\n\t\t<\/section>\n\t\t\t\t<\/div>","protected":false},"excerpt":{"rendered":"<p>Productos Potenciando la Vida Sostenible con Soluciones Innovadoras American Impact and Energy transforma propiedades con soluciones asequibles y sostenibles mediante la instalaci\u00f3n de Ventanas y Puertas de Impacto, Techos, Techos Solares y Sistemas de Calefacci\u00f3n, Ventilaci\u00f3n y Aire Acondicionado. \u00a1Proteja su futuro con un estilo sostenible! Ventanas y Puertas de Impacto M\u00e1s informaci\u00f3n Techos M\u00e1s informaci\u00f3n Techos Solor M\u00e1s informaci\u00f3n Sistemas HVAC M\u00e1s informaci\u00f3n<\/p>","protected":false},"author":4,"featured_media":0,"parent":0,"menu_order":0,"comment_status":"closed","ping_status":"closed","template":"","meta":{"site-sidebar-layout":"no-sidebar","site-content-layout":"page-builder","ast-site-content-layout":"default","site-content-style":"default","site-sidebar-style":"default","ast-global-header-display":"","ast-banner-title-visibility":"","ast-main-header-display":"","ast-hfb-above-header-display":"","ast-hfb-below-header-display":"","ast-hfb-mobile-header-display":"","site-post-title":"disabled","ast-breadcrumbs-content":"","ast-featured-img":"disabled","footer-sml-layout":"","ast-disable-related-posts":"","theme-transparent-header-meta":"default","adv-header-id-meta":"","stick-header-meta":"","header-above-stick-meta":"","header-main-stick-meta":"","header-below-stick-meta":"","astra-migrate-meta-layouts":"default","ast-page-background-enabled":"default","ast-page-background-meta":{"desktop":{"background-color":"","background-image":"","background-repeat":"repeat","background-position":"center center","background-size":"auto","background-attachment":"scroll","background-type":"","background-media":"","overlay-type":"","overlay-color":"","overlay-opacity":"","overlay-gradient":""},"tablet":{"background-color":"","background-image":"","background-repeat":"repeat","background-position":"center center","background-size":"auto","background-attachment":"scroll","background-type":"","background-media":"","overlay-type":"","overlay-color":"","overlay-opacity":"","overlay-gradient":""},"mobile":{"background-color":"","background-image":"","background-repeat":"repeat","background-position":"center center","background-size":"auto","background-attachment":"scroll","background-type":"","background-media":"","overlay-type":"","overlay-color":"","overlay-opacity":"","overlay-gradient":""}},"ast-content-background-meta":{"desktop":{"background-color":"var(--ast-global-color-5)","background-image":"","background-repeat":"repeat","background-position":"center center","background-size":"auto","background-attachment":"scroll","background-type":"","background-media":"","overlay-type":"","overlay-color":"","overlay-opacity":"","overlay-gradient":""},"tablet":{"background-color":"var(--ast-global-color-5)","background-image":"","background-repeat":"repeat","background-position":"center center","background-size":"auto","background-attachment":"scroll","background-type":"","background-media":"","overlay-type":"","overlay-color":"","overlay-opacity":"","overlay-gradient":""},"mobile":{"background-color":"var(--ast-global-color-5)","background-image":"","background-repeat":"repeat","background-position":"center center","background-size":"auto","background-attachment":"scroll","background-type":"","background-media":"","overlay-type":"","overlay-color":"","overlay-opacity":"","overlay-gradient":""}},"footnotes":""},"class_list":["post-2216","page","type-page","status-publish","hentry"],"_links":{"self":[{"href":"https:\/\/americanimpactandenergy.com\/es\/wp-json\/wp\/v2\/pages\/2216","targetHints":{"allow":["GET"]}}],"collection":[{"href":"https:\/\/americanimpactandenergy.com\/es\/wp-json\/wp\/v2\/pages"}],"about":[{"href":"https:\/\/americanimpactandenergy.com\/es\/wp-json\/wp\/v2\/types\/page"}],"author":[{"embeddable":true,"href":"https:\/\/americanimpactandenergy.com\/es\/wp-json\/wp\/v2\/users\/4"}],"replies":[{"embeddable":true,"href":"https:\/\/americanimpactandenergy.com\/es\/wp-json\/wp\/v2\/comments?post=2216"}],"version-history":[{"count":88,"href":"https:\/\/americanimpactandenergy.com\/es\/wp-json\/wp\/v2\/pages\/2216\/revisions"}],"predecessor-version":[{"id":4402,"href":"https:\/\/americanimpactandenergy.com\/es\/wp-json\/wp\/v2\/pages\/2216\/revisions\/4402"}],"wp:attachment":[{"href":"https:\/\/americanimpactandenergy.com\/es\/wp-json\/wp\/v2\/media?parent=2216"}],"curies":[{"name":"wp","href":"https:\/\/api.w.org\/{rel}","templated":true}]}}