{"id":3275,"date":"2023-10-13T17:29:52","date_gmt":"2023-10-13T17:29:52","guid":{"rendered":"https:\/\/flgreeninnovations.com\/?page_id=3275"},"modified":"2025-07-08T22:27:08","modified_gmt":"2025-07-08T22:27:08","slug":"privacy-policy","status":"publish","type":"page","link":"https:\/\/americanimpactandenergy.com\/es\/privacy-policy\/","title":{"rendered":"Pol\u00edtica de privacidad"},"content":{"rendered":"<div data-elementor-type=\"wp-page\" data-elementor-id=\"3275\" class=\"elementor elementor-3275\" data-elementor-post-type=\"page\">\n\t\t\t\t\t\t<section class=\"elementor-section elementor-top-section elementor-element elementor-element-60898bde elementor-section-content-middle elementor-section-height-min-height elementor-section-boxed elementor-section-height-default elementor-section-items-middle\" data-id=\"60898bde\" data-element_type=\"section\" data-e-type=\"section\" data-settings=\"{&quot;background_background&quot;:&quot;classic&quot;}\">\n\t\t\t\t\t\t<div class=\"elementor-container elementor-column-gap-custom\">\n\t\t\t\t\t<div class=\"elementor-column elementor-col-50 elementor-top-column elementor-element elementor-element-5457b343\" data-id=\"5457b343\" data-element_type=\"column\" data-e-type=\"column\">\n\t\t\t<div class=\"elementor-widget-wrap elementor-element-populated\">\n\t\t\t\t\t\t<div class=\"elementor-element elementor-element-2e34e4d5 elementor-invisible elementor-widget elementor-widget-heading\" data-id=\"2e34e4d5\" data-element_type=\"widget\" data-e-type=\"widget\" data-settings=\"{&quot;_animation&quot;:&quot;fadeInUp&quot;}\" data-widget_type=\"heading.default\">\n\t\t\t\t\t<h2 class=\"elementor-heading-title elementor-size-default\">Pol\u00edtica de privacidad<\/h2>\t\t\t\t<\/div>\n\t\t\t\t\t<\/div>\n\t\t<\/div>\n\t\t\t\t<div class=\"elementor-column elementor-col-50 elementor-top-column elementor-element elementor-element-1f6a845a\" data-id=\"1f6a845a\" data-element_type=\"column\" data-e-type=\"column\">\n\t\t\t<div class=\"elementor-widget-wrap elementor-element-populated\">\n\t\t\t\t\t\t<div class=\"elementor-element elementor-element-77b09a83 elementor-widget elementor-widget-text-editor\" data-id=\"77b09a83\" data-element_type=\"widget\" data-e-type=\"widget\" data-widget_type=\"text-editor.default\">\n\t\t\t\t\t\t\t\t\t<p>Valoramos su privacidad por encima de todo. Nuestra pol\u00edtica de privacidad, clara y concisa, garantiza la protecci\u00f3n de su informaci\u00f3n personal. Tratamos sus datos con la m\u00e1xima responsabilidad, utiliz\u00e1ndolos exclusivamente para prestar nuestros servicios de marketing y producci\u00f3n. Su confianza y confidencialidad tienen un gran valor para nosotros.<\/p>\t\t\t\t\t\t\t\t<\/div>\n\t\t\t\t<div class=\"elementor-element elementor-element-725493d elementor-align-left elementor-tablet-align-right animated-slow elementor-widget elementor-widget-button\" data-id=\"725493d\" data-element_type=\"widget\" data-e-type=\"widget\" data-settings=\"{&quot;_animation&quot;:&quot;none&quot;}\" data-widget_type=\"button.default\">\n\t\t\t\t\t\t\t\t\t\t<a class=\"elementor-button elementor-button-link elementor-size-sm elementor-animation-float\" href=\"https:\/\/americanimpactandenergy.com\/es\/contact-us\/\">\n\t\t\t\t\t\t<span class=\"elementor-button-content-wrapper\">\n\t\t\t\t\t\t\t\t\t<span class=\"elementor-button-text\">CONTACTO<\/span>\n\t\t\t\t\t<\/span>\n\t\t\t\t\t<\/a>\n\t\t\t\t\t\t\t\t<\/div>\n\t\t\t\t\t<\/div>\n\t\t<\/div>\n\t\t\t\t\t<\/div>\n\t\t<\/section>\n\t\t\t\t<section class=\"elementor-section elementor-top-section elementor-element elementor-element-ea89a38 elementor-section-boxed elementor-section-height-default elementor-section-height-default\" data-id=\"ea89a38\" data-element_type=\"section\" data-e-type=\"section\">\n\t\t\t\t\t\t<div class=\"elementor-container elementor-column-gap-default\">\n\t\t\t\t\t<div class=\"elementor-column elementor-col-100 elementor-top-column elementor-element elementor-element-335386d\" data-id=\"335386d\" data-element_type=\"column\" data-e-type=\"column\">\n\t\t\t<div class=\"elementor-widget-wrap elementor-element-populated\">\n\t\t\t\t\t\t<div class=\"elementor-element elementor-element-a54db9b elementor-widget elementor-widget-spacer\" data-id=\"a54db9b\" data-element_type=\"widget\" data-e-type=\"widget\" data-widget_type=\"spacer.default\">\n\t\t\t\t\t\t\t<div class=\"elementor-spacer\">\n\t\t\t<div class=\"elementor-spacer-inner\"><\/div>\n\t\t<\/div>\n\t\t\t\t\t\t<\/div>\n\t\t\t\t<div class=\"elementor-element elementor-element-92298c3 elementor-widget elementor-widget-text-editor\" data-id=\"92298c3\" data-element_type=\"widget\" data-e-type=\"widget\" data-widget_type=\"text-editor.default\">\n\t\t\t\t\t\t\t\t\t<p><span style=\"font-weight: 400;\">Bienvenido a FL Green Innovations Esta pol\u00edtica de privacidad describe c\u00f3mo recopilamos, utilizamos, revelamos y protegemos su informaci\u00f3n personal cuando visita nuestro sitio web, <strong>https:\/\/americanimpactandenergy.com<\/strong>. Por favor, dedique un momento a revisar esta Pol\u00edtica de Privacidad para entender nuestras pr\u00e1cticas y c\u00f3mo protegemos su privacidad.<\/span><\/p><p>\u00a0<\/p><p><span style=\"font-weight: 400;\">Al acceder o utilizar nuestro Sitio Web, usted acepta las pr\u00e1cticas descritas en esta Pol\u00edtica de Privacidad.<\/span><\/p><p>\u00a0<\/p><p><strong>1. Informaci\u00f3n que recopilamos<\/strong><\/p><p><span style=\"font-weight: 400;\">1.1. Informaci\u00f3n personal:<\/span><\/p><p><span style=\"font-weight: 400;\">Podemos recopilar informaci\u00f3n de identificaci\u00f3n personal, como su nombre, direcci\u00f3n de correo electr\u00f3nico, n\u00famero de tel\u00e9fono y cualquier otra informaci\u00f3n que nos proporcione voluntariamente al utilizar nuestro sitio web.<\/span><\/p><p><span style=\"font-weight: 400;\">1.2. Informaci\u00f3n no personal:<\/span><\/p><p><span style=\"font-weight: 400;\">Tambi\u00e9n podemos recopilar informaci\u00f3n no personal, como direcciones IP, tipos de navegador, p\u00e1ginas de referencia y sistemas operativos, para analizar tendencias, administrar el sitio y seguir los movimientos de los usuarios con el fin de mejorar nuestros servicios.<\/span><\/p><p>\u00a0<\/p><p><strong><span style=\"font-size: 16px;\">2. C\u00f3mo utilizamos su informaci\u00f3n<\/span><\/strong><\/p><p><span style=\"font-weight: 400;\">2.1. Informaci\u00f3n personal:<\/span><\/p><p><span style=\"font-weight: 400;\">Utilizamos su informaci\u00f3n personal para comunicarnos con usted, prestarle los servicios que solicita y mejorar su experiencia en nuestro sitio web.<\/span><\/p><p><span style=\"font-weight: 400;\">2.2. Informaci\u00f3n no personal:<\/span><\/p><p><span style=\"font-weight: 400;\">La informaci\u00f3n no personal se utiliza para analizar tendencias y recopilar informaci\u00f3n demogr\u00e1fica, lo que nos ayuda a mejorar el dise\u00f1o y el contenido de nuestro sitio web.<\/span><\/p><p>\u00a0<\/p><p><strong><span style=\"font-size: 16px;\">3. Compartir su informaci\u00f3n<\/span><\/strong><\/p><p><span style=\"font-weight: 400;\">3.1. Terceros proveedores de servicios:<\/span><\/p><p><span style=\"font-weight: 400;\">Podemos compartir su informaci\u00f3n personal con terceros proveedores de servicios de confianza para facilitar y mejorar nuestros servicios, como el procesamiento de pagos, el env\u00edo de correos electr\u00f3nicos y el an\u00e1lisis de patrones de uso.<\/span><\/p><p><span style=\"font-weight: 400;\">3.2. Requisitos legales:<\/span><\/p><p><span style=\"font-weight: 400;\">Podemos revelar su informaci\u00f3n personal cuando as\u00ed lo exija la ley o en respuesta a una solicitud legal v\u00e1lida, como una orden judicial o una citaci\u00f3n.<\/span><\/p><p>\u00a0<\/p><p><strong><span style=\"font-size: 16px;\">4. 4. Medidas de seguridad<\/span><\/strong><\/p><p><span style=\"font-weight: 400;\">Empleamos medidas de seguridad est\u00e1ndar del sector para proteger su informaci\u00f3n personal frente al acceso, uso, alteraci\u00f3n o destrucci\u00f3n no autorizados. No obstante, tenga en cuenta que ninguna transmisi\u00f3n por Internet o m\u00e9todo de almacenamiento electr\u00f3nico es 100% seguro.<\/span><\/p><p>\u00a0<\/p><p><strong>5. Cookies y tecnolog\u00edas de seguimiento<\/strong><\/p><p><span style=\"font-weight: 400;\">Podemos utilizar cookies y tecnolog\u00edas de seguimiento similares para mejorar su experiencia de navegaci\u00f3n y recopilar informaci\u00f3n sobre c\u00f3mo utiliza nuestro sitio web. Puede ajustar la configuraci\u00f3n de su navegador para que rechace las cookies o le notifique cuando se env\u00eda una cookie.<\/span><\/p><p>\u00a0<\/p><p><strong>6. Privacidad de los ni\u00f1os<\/strong><\/p><p><span style=\"font-weight: 400;\">Nuestro sitio web no est\u00e1 destinado a menores de 18 a\u00f1os. No recopilamos conscientemente informaci\u00f3n personal de menores. Si usted es padre o tutor y cree que su hijo nos ha proporcionado informaci\u00f3n personal, p\u00f3ngase en contacto con nosotros y tomaremos las medidas oportunas para eliminar dicha informaci\u00f3n.<\/span><\/p><p>\u00a0<\/p><p><strong>7. Modificaciones de la presente Pol\u00edtica de Privacidad<\/strong><\/p><p><span style=\"font-weight: 400;\">Podemos actualizar esta Pol\u00edtica de Privacidad peri\u00f3dicamente. Cualquier cambio se publicar\u00e1 en esta p\u00e1gina con una fecha actualizada de \"\u00daltima actualizaci\u00f3n\". Le recomendamos que revise peri\u00f3dicamente esta Pol\u00edtica de Privacidad para comprobar si se han producido cambios.<\/span><\/p><p>\u00a0<\/p><p><strong>8. Contacto<\/strong><\/p><p><span style=\"font-weight: 400;\">Si tiene alguna pregunta, duda o solicitud en relaci\u00f3n con esta Pol\u00edtica de Privacidad o el tratamiento de su informaci\u00f3n personal, por favor <a href=\"https:\/\/americanimpactandenergy.com\/es\/contact-us\/\">Contacto<\/a> en:<\/span><\/p><p><em><span style=\"font-weight: 400;\">\u00a0 \u00a0 \u00a0 \u00a0 \u00a0<strong> FL Green Innovations<\/strong><\/span><\/em><\/p><p><strong><em>\u00a0 \u00a0 \u00a0 \u00a0 \u00a0 6067 Hollywood Blvd Hollywood, FL 33024<\/em><\/strong><\/p><p><strong><em><a href=\"mailto:flgreeninnovations@gmail.com\">\u00a0 \u00a0 \u00a0 \u00a0 \u00a0contacto@ flgreeninnovations.com<\/a><\/em><\/strong><\/p><p><strong><em>\u00a0 \u00a0 \u00a0 \u00a0 \u00a0(786) 348-2862<\/em><\/strong><\/p><p>\u00a0<\/p><p><span style=\"font-weight: 400;\">Gracias por elegir FL Green Innovations. Su privacidad y seguridad son importantes para nosotros.<\/span><\/p>\t\t\t\t\t\t\t\t<\/div>\n\t\t\t\t\t<\/div>\n\t\t<\/div>\n\t\t\t\t\t<\/div>\n\t\t<\/section>\n\t\t\t\t<\/div>","protected":false},"excerpt":{"rendered":"<p>Privacy Policy We value your privacy above all else. Our clear and concise privacy policy guarantees the protection of your personal information. We handle your data with utmost responsibility, utilizing it exclusively to deliver our marketing and production services. Your trust and confidentiality hold significant value for us. CONTACT US Welcome to FL Green Innovations! [&hellip;]<\/p>\n","protected":false},"author":1,"featured_media":0,"parent":0,"menu_order":0,"comment_status":"closed","ping_status":"closed","template":"","meta":{"site-sidebar-layout":"no-sidebar","site-content-layout":"page-builder","ast-site-content-layout":"full-width-container","site-content-style":"default","site-sidebar-style":"default","ast-global-header-display":"","ast-banner-title-visibility":"","ast-main-header-display":"","ast-hfb-above-header-display":"","ast-hfb-below-header-display":"","ast-hfb-mobile-header-display":"","site-post-title":"disabled","ast-breadcrumbs-content":"","ast-featured-img":"disabled","footer-sml-layout":"","ast-disable-related-posts":"","theme-transparent-header-meta":"default","adv-header-id-meta":"","stick-header-meta":"","header-above-stick-meta":"","header-main-stick-meta":"","header-below-stick-meta":"","astra-migrate-meta-layouts":"set","ast-page-background-enabled":"default","ast-page-background-meta":{"desktop":{"background-color":"","background-image":"","background-repeat":"repeat","background-position":"center center","background-size":"auto","background-attachment":"scroll","background-type":"","background-media":"","overlay-type":"","overlay-color":"","overlay-opacity":"","overlay-gradient":""},"tablet":{"background-color":"","background-image":"","background-repeat":"repeat","background-position":"center center","background-size":"auto","background-attachment":"scroll","background-type":"","background-media":"","overlay-type":"","overlay-color":"","overlay-opacity":"","overlay-gradient":""},"mobile":{"background-color":"","background-image":"","background-repeat":"repeat","background-position":"center center","background-size":"auto","background-attachment":"scroll","background-type":"","background-media":"","overlay-type":"","overlay-color":"","overlay-opacity":"","overlay-gradient":""}},"ast-content-background-meta":{"desktop":{"background-color":"var(--ast-global-color-5)","background-image":"","background-repeat":"repeat","background-position":"center center","background-size":"auto","background-attachment":"scroll","background-type":"","background-media":"","overlay-type":"","overlay-color":"","overlay-opacity":"","overlay-gradient":""},"tablet":{"background-color":"var(--ast-global-color-5)","background-image":"","background-repeat":"repeat","background-position":"center center","background-size":"auto","background-attachment":"scroll","background-type":"","background-media":"","overlay-type":"","overlay-color":"","overlay-opacity":"","overlay-gradient":""},"mobile":{"background-color":"var(--ast-global-color-5)","background-image":"","background-repeat":"repeat","background-position":"center center","background-size":"auto","background-attachment":"scroll","background-type":"","background-media":"","overlay-type":"","overlay-color":"","overlay-opacity":"","overlay-gradient":""}},"footnotes":""},"class_list":["post-3275","page","type-page","status-publish","hentry"],"_links":{"self":[{"href":"https:\/\/americanimpactandenergy.com\/es\/wp-json\/wp\/v2\/pages\/3275","targetHints":{"allow":["GET"]}}],"collection":[{"href":"https:\/\/americanimpactandenergy.com\/es\/wp-json\/wp\/v2\/pages"}],"about":[{"href":"https:\/\/americanimpactandenergy.com\/es\/wp-json\/wp\/v2\/types\/page"}],"author":[{"embeddable":true,"href":"https:\/\/americanimpactandenergy.com\/es\/wp-json\/wp\/v2\/users\/1"}],"replies":[{"embeddable":true,"href":"https:\/\/americanimpactandenergy.com\/es\/wp-json\/wp\/v2\/comments?post=3275"}],"version-history":[{"count":46,"href":"https:\/\/americanimpactandenergy.com\/es\/wp-json\/wp\/v2\/pages\/3275\/revisions"}],"predecessor-version":[{"id":3617,"href":"https:\/\/americanimpactandenergy.com\/es\/wp-json\/wp\/v2\/pages\/3275\/revisions\/3617"}],"wp:attachment":[{"href":"https:\/\/americanimpactandenergy.com\/es\/wp-json\/wp\/v2\/media?parent=3275"}],"curies":[{"name":"wp","href":"https:\/\/api.w.org\/{rel}","templated":true}]}}